{"id":9327,"date":"2020-01-23T10:05:41","date_gmt":"2020-01-23T10:05:41","guid":{"rendered":"https:\/\/crm-themenhub.de\/?page_id=9327"},"modified":"2024-12-19T12:02:58","modified_gmt":"2024-12-19T11:02:58","slug":"sponsoren","status":"publish","type":"page","link":"https:\/\/zukunft-der-industrie.de\/crm\/sponsoren\/","title":{"rendered":"Sponsoren"},"content":{"rendered":"\t\t<div data-elementor-type=\"wp-page\" data-elementor-id=\"9327\" class=\"elementor elementor-9327\" data-elementor-post-type=\"page\">\n\t\t\t\t\t\t<section class=\"elementor-section elementor-top-section elementor-element elementor-element-9cb594c elementor-section-height-min-height elementor-section-boxed elementor-section-height-default elementor-section-items-middle default-style\" data-id=\"9cb594c\" data-element_type=\"section\" data-e-type=\"section\" data-settings=\"{&quot;background_background&quot;:&quot;classic&quot;,&quot;rt_color_sets&quot;:&quot;default-style&quot;}\">\n\t\t\t\t\t\t<div class=\"elementor-container elementor-column-gap-default\">\n\t\t\t\t\t<div class=\"elementor-column elementor-col-100 elementor-top-column elementor-element elementor-element-09fcf84\" data-id=\"09fcf84\" data-element_type=\"column\" data-e-type=\"column\">\n\t\t\t<div class=\"elementor-widget-wrap elementor-element-populated\">\n\t\t\t\t\t\t<div class=\"elementor-element elementor-element-b71ec34 elementor-widget elementor-widget-theme-post-title elementor-page-title elementor-widget-heading\" data-id=\"b71ec34\" data-element_type=\"widget\" data-e-type=\"widget\" data-widget_type=\"theme-post-title.default\">\n\t\t\t\t<div class=\"elementor-widget-container\">\n\t\t\t\t\t<h1 class=\"elementor-heading-title elementor-size-default\">Sponsoren<\/h1>\t\t\t\t<\/div>\n\t\t\t\t<\/div>\n\t\t\t\t\t<\/div>\n\t\t<\/div>\n\t\t\t\t\t<\/div>\n\t\t<\/section>\n\t\t\t\t<section class=\"elementor-section elementor-top-section elementor-element elementor-element-bfe99b7 elementor-section-boxed elementor-section-height-default elementor-section-height-default default-style\" data-id=\"bfe99b7\" data-element_type=\"section\" data-e-type=\"section\" data-settings=\"{&quot;rt_color_sets&quot;:&quot;default-style&quot;}\">\n\t\t\t\t\t\t<div class=\"elementor-container elementor-column-gap-default\">\n\t\t\t\t\t<div class=\"elementor-column elementor-col-100 elementor-top-column elementor-element elementor-element-b3b11a8\" data-id=\"b3b11a8\" data-element_type=\"column\" data-e-type=\"column\">\n\t\t\t<div class=\"elementor-widget-wrap elementor-element-populated\">\n\t\t\t\t\t\t<div class=\"elementor-element elementor-element-83a6791 elementor-widget elementor-widget-image\" data-id=\"83a6791\" data-element_type=\"widget\" data-e-type=\"widget\" data-widget_type=\"image.default\">\n\t\t\t\t<div class=\"elementor-widget-container\">\n\t\t\t\t\t\t\t\t\t\t\t\t\t\t\t<img decoding=\"async\" width=\"300\" height=\"117\" src=\"https:\/\/zukunft-der-industrie.de\/crm\/wp-content\/uploads\/sites\/3\/2022\/01\/RZ_itmx_Logo-300x117.jpg\" class=\"attachment-medium size-medium wp-image-10439\" alt=\"\" srcset=\"https:\/\/zukunft-der-industrie.de\/crm\/wp-content\/uploads\/sites\/3\/2022\/01\/RZ_itmx_Logo-300x117.jpg 300w, https:\/\/zukunft-der-industrie.de\/crm\/wp-content\/uploads\/sites\/3\/2022\/01\/RZ_itmx_Logo-1024x399.jpg 1024w, https:\/\/zukunft-der-industrie.de\/crm\/wp-content\/uploads\/sites\/3\/2022\/01\/RZ_itmx_Logo-768x299.jpg 768w, https:\/\/zukunft-der-industrie.de\/crm\/wp-content\/uploads\/sites\/3\/2022\/01\/RZ_itmx_Logo-1536x598.jpg 1536w, https:\/\/zukunft-der-industrie.de\/crm\/wp-content\/uploads\/sites\/3\/2022\/01\/RZ_itmx_Logo-2048x797.jpg 2048w, https:\/\/zukunft-der-industrie.de\/crm\/wp-content\/uploads\/sites\/3\/2022\/01\/RZ_itmx_Logo-1063x414.jpg 1063w\" sizes=\"(max-width: 300px) 100vw, 300px\" \/>\t\t\t\t\t\t\t\t\t\t\t\t\t\t\t<\/div>\n\t\t\t\t<\/div>\n\t\t\t\t<div class=\"elementor-element elementor-element-792f869 elementor-widget elementor-widget-text-editor\" data-id=\"792f869\" data-element_type=\"widget\" data-e-type=\"widget\" data-widget_type=\"text-editor.default\">\n\t\t\t\t<div class=\"elementor-widget-container\">\n\t\t\t\t\t\t\t\t\t<p><strong>Unternehmensprofil:<br \/><\/strong><\/p><p>Die itmX GmbH ist ein Tochterunternehmen des NTT Data Business Solutions Konzerns, das sich schon seit mehr als 20 Jahren auf durchg\u00e4ngige Prozesse in den Bereichen Marketing, Vertrieb und Service spezialisiert hat. Die innovativen L\u00f6sungen begeistern unsere Kunden u.a. aus den Branchen Fertigungsindustrie, Bauzulieferer und Handel. Neben der Software-Suite bietet itmX eine ganzheitliche Prozessberatung von der Strategieplanung \u00fcber einen ersten Proof of Concept bis hin zu individuellem Design, Implementierung und Betrieb der Software.<\/p><p>Website: <a href=\"https:\/\/itmx.de\/\">https:\/\/itmx.de\/<\/a><br \/>Impressum: <a href=\"https:\/\/itmx.de\/impressum\/\">https:\/\/itmx.de\/impressum\/<\/a><br \/>Datenschutz: <a href=\"https:\/\/itmx.de\/datenschutzerklaerung\/\">https:\/\/itmx.de\/datenschutzerklaerung\/<\/a><\/p>\t\t\t\t\t\t\t\t<\/div>\n\t\t\t\t<\/div>\n\t\t\t\t\t<\/div>\n\t\t<\/div>\n\t\t\t\t\t<\/div>\n\t\t<\/section>\n\t\t\t\t<section class=\"elementor-section elementor-top-section elementor-element elementor-element-30c4651 elementor-section-boxed elementor-section-height-default elementor-section-height-default default-style\" data-id=\"30c4651\" data-element_type=\"section\" data-e-type=\"section\" data-settings=\"{&quot;rt_color_sets&quot;:&quot;default-style&quot;}\">\n\t\t\t\t\t\t<div class=\"elementor-container elementor-column-gap-default\">\n\t\t\t\t\t<div class=\"elementor-column elementor-col-100 elementor-top-column elementor-element elementor-element-c88ea51\" data-id=\"c88ea51\" data-element_type=\"column\" data-e-type=\"column\">\n\t\t\t<div class=\"elementor-widget-wrap elementor-element-populated\">\n\t\t\t\t\t\t<div class=\"elementor-element elementor-element-044183f elementor-widget elementor-widget-image\" data-id=\"044183f\" data-element_type=\"widget\" data-e-type=\"widget\" data-widget_type=\"image.default\">\n\t\t\t\t<div class=\"elementor-widget-container\">\n\t\t\t\t\t\t\t\t\t\t\t\t\t\t\t<img decoding=\"async\" width=\"300\" height=\"105\" src=\"https:\/\/zukunft-der-industrie.de\/crm\/wp-content\/uploads\/sites\/3\/2022\/09\/SMC-IT-AG-LOGO-300x105.png\" class=\"attachment-medium size-medium wp-image-10465\" alt=\"\" srcset=\"https:\/\/zukunft-der-industrie.de\/crm\/wp-content\/uploads\/sites\/3\/2022\/09\/SMC-IT-AG-LOGO-300x105.png 300w, https:\/\/zukunft-der-industrie.de\/crm\/wp-content\/uploads\/sites\/3\/2022\/09\/SMC-IT-AG-LOGO-1024x359.png 1024w, https:\/\/zukunft-der-industrie.de\/crm\/wp-content\/uploads\/sites\/3\/2022\/09\/SMC-IT-AG-LOGO-768x269.png 768w, https:\/\/zukunft-der-industrie.de\/crm\/wp-content\/uploads\/sites\/3\/2022\/09\/SMC-IT-AG-LOGO-1536x539.png 1536w, https:\/\/zukunft-der-industrie.de\/crm\/wp-content\/uploads\/sites\/3\/2022\/09\/SMC-IT-AG-LOGO-797x279.png 797w, https:\/\/zukunft-der-industrie.de\/crm\/wp-content\/uploads\/sites\/3\/2022\/09\/SMC-IT-AG-LOGO.png 1594w\" sizes=\"(max-width: 300px) 100vw, 300px\" \/>\t\t\t\t\t\t\t\t\t\t\t\t\t\t\t<\/div>\n\t\t\t\t<\/div>\n\t\t\t\t<div class=\"elementor-element elementor-element-fb5ed66 elementor-widget elementor-widget-text-editor\" data-id=\"fb5ed66\" data-element_type=\"widget\" data-e-type=\"widget\" data-widget_type=\"text-editor.default\">\n\t\t\t\t<div class=\"elementor-widget-container\">\n\t\t\t\t\t\t\t\t\t<p><strong>Unternehmensprofil:<br \/><\/strong><\/p><p>Die SMC bietet innovative CRM und ERP L\u00f6sungen f\u00fcr mittelst\u00e4ndische Unternehmen. Dabei setzen wir auf eine pers\u00f6nliche Full-Service Leistung. Bei der SMC verstehen wir unsere Kunden als feste Partner, die gemeinsam mit uns ihren Unternehmenserfolg nachhaltig steigern. Unsere Kunden sch\u00e4tzen dabei besonders unser Interesse an ihren Unternehmen und unser branchen\u00fcbergreifendes Know-how \u2013 Vom Produktionsunternehmen bis zum B2B Dienstleister. In enger Zusammenarbeit beraten und begleiten wir Sie von der Evaluierung Ihrer Bed\u00fcrfnisse bis hin zur Einf\u00fchrung und Optimierung. Als Partner an Ihrer Seite bieten wir Ihnen pers\u00f6nliche Unterst\u00fctzung.<\/p><p>Website: <a href=\"https:\/\/www.smc-it.de\/\">https:\/\/www.smc-it.de\/<\/a><br \/>Impressum: <a href=\"https:\/\/www.smc-it.de\/impressum\/\">https:\/\/www.smc-it.de\/impressum\/<\/a><br \/>Datenschutz: <a href=\"https:\/\/www.smc-it.de\/datenschutzerklaerung\/\">https:\/\/www.smc-it.de\/datenschutzerklaerung\/<\/a><\/p>\t\t\t\t\t\t\t\t<\/div>\n\t\t\t\t<\/div>\n\t\t\t\t\t<\/div>\n\t\t<\/div>\n\t\t\t\t\t<\/div>\n\t\t<\/section>\n\t\t\t\t<\/div>\n\t\t","protected":false},"excerpt":{"rendered":"<p>Unternehmensprofil: Die itmX GmbH ist ein Tochterunternehmen des NTT Data Business Solutions Konzerns, das sich schon seit mehr als 20 Jahren auf durchg\u00e4ngige Prozesse in den Bereichen Marketing, Vertrieb und Service spezialisiert hat. Die innovativen L\u00f6sungen begeistern unsere Kunden u.a. aus den Branchen Fertigungsindustrie, Bauzulieferer und Handel. Neben der Software-Suite bietet itmX eine ganzheitliche Prozessberatung [&hellip;]<\/p>\n","protected":false},"author":6,"featured_media":0,"parent":0,"menu_order":0,"comment_status":"closed","ping_status":"closed","template":"","meta":{"inline_featured_image":false,"footnotes":""},"class_list":["post-9327","page","type-page","status-publish","hentry"],"yoast_head":"<!-- This site is optimized with the Yoast SEO plugin v27.4 - https:\/\/yoast.com\/product\/yoast-seo-wordpress\/ -->\n<title>Sponsoren - CRM Themenhub<\/title>\n<meta name=\"robots\" content=\"noindex, nofollow\" \/>\n<meta property=\"og:locale\" content=\"de_DE\" \/>\n<meta property=\"og:type\" content=\"article\" \/>\n<meta property=\"og:title\" content=\"Sponsoren - CRM Themenhub\" \/>\n<meta property=\"og:description\" content=\"Unternehmensprofil: Die itmX GmbH ist ein Tochterunternehmen des NTT Data Business Solutions Konzerns, das sich schon seit mehr als 20 Jahren auf durchg\u00e4ngige Prozesse in den Bereichen Marketing, Vertrieb und Service spezialisiert hat. Die innovativen L\u00f6sungen begeistern unsere Kunden u.a. aus den Branchen Fertigungsindustrie, Bauzulieferer und Handel. Neben der Software-Suite bietet itmX eine ganzheitliche Prozessberatung [&hellip;]\" \/>\n<meta property=\"og:url\" content=\"https:\/\/zukunft-der-industrie.de\/crm\/sponsoren\/\" \/>\n<meta property=\"og:site_name\" content=\"CRM Themenhub\" \/>\n<meta property=\"article:modified_time\" content=\"2024-12-19T11:02:58+00:00\" \/>\n<meta property=\"og:image\" content=\"https:\/\/zukunft-der-industrie.de\/crm\/wp-content\/uploads\/sites\/3\/2022\/01\/RZ_itmx_Logo.jpg\" \/>\n\t<meta property=\"og:image:width\" content=\"2127\" \/>\n\t<meta property=\"og:image:height\" content=\"828\" \/>\n\t<meta property=\"og:image:type\" content=\"image\/jpeg\" \/>\n<meta name=\"twitter:card\" content=\"summary_large_image\" \/>\n<meta name=\"twitter:label1\" content=\"Gesch\u00e4tzte Lesezeit\" \/>\n\t<meta name=\"twitter:data1\" content=\"2\u00a0Minuten\" \/>\n<script type=\"application\/ld+json\" class=\"yoast-schema-graph\">{\"@context\":\"https:\\\/\\\/schema.org\",\"@graph\":[{\"@type\":\"WebPage\",\"@id\":\"https:\\\/\\\/zukunft-der-industrie.de\\\/crm\\\/sponsoren\\\/\",\"url\":\"https:\\\/\\\/zukunft-der-industrie.de\\\/crm\\\/sponsoren\\\/\",\"name\":\"Sponsoren - CRM Themenhub\",\"isPartOf\":{\"@id\":\"https:\\\/\\\/zukunft-der-industrie.de\\\/crm\\\/#website\"},\"primaryImageOfPage\":{\"@id\":\"https:\\\/\\\/zukunft-der-industrie.de\\\/crm\\\/sponsoren\\\/#primaryimage\"},\"image\":{\"@id\":\"https:\\\/\\\/zukunft-der-industrie.de\\\/crm\\\/sponsoren\\\/#primaryimage\"},\"thumbnailUrl\":\"https:\\\/\\\/zukunft-der-industrie.de\\\/crm\\\/wp-content\\\/uploads\\\/sites\\\/3\\\/2022\\\/01\\\/RZ_itmx_Logo-300x117.jpg\",\"datePublished\":\"2020-01-23T10:05:41+00:00\",\"dateModified\":\"2024-12-19T11:02:58+00:00\",\"breadcrumb\":{\"@id\":\"https:\\\/\\\/zukunft-der-industrie.de\\\/crm\\\/sponsoren\\\/#breadcrumb\"},\"inLanguage\":\"de\",\"potentialAction\":[{\"@type\":\"ReadAction\",\"target\":[\"https:\\\/\\\/zukunft-der-industrie.de\\\/crm\\\/sponsoren\\\/\"]}]},{\"@type\":\"ImageObject\",\"inLanguage\":\"de\",\"@id\":\"https:\\\/\\\/zukunft-der-industrie.de\\\/crm\\\/sponsoren\\\/#primaryimage\",\"url\":\"https:\\\/\\\/zukunft-der-industrie.de\\\/crm\\\/wp-content\\\/uploads\\\/sites\\\/3\\\/2022\\\/01\\\/RZ_itmx_Logo.jpg\",\"contentUrl\":\"https:\\\/\\\/zukunft-der-industrie.de\\\/crm\\\/wp-content\\\/uploads\\\/sites\\\/3\\\/2022\\\/01\\\/RZ_itmx_Logo.jpg\",\"width\":2127,\"height\":828},{\"@type\":\"BreadcrumbList\",\"@id\":\"https:\\\/\\\/zukunft-der-industrie.de\\\/crm\\\/sponsoren\\\/#breadcrumb\",\"itemListElement\":[{\"@type\":\"ListItem\",\"position\":1,\"name\":\"Startseite\",\"item\":\"https:\\\/\\\/zukunft-der-industrie.de\\\/crm\\\/\"},{\"@type\":\"ListItem\",\"position\":2,\"name\":\"Sponsoren\"}]},{\"@type\":\"WebSite\",\"@id\":\"https:\\\/\\\/zukunft-der-industrie.de\\\/crm\\\/#website\",\"url\":\"https:\\\/\\\/zukunft-der-industrie.de\\\/crm\\\/\",\"name\":\"CRM Themenhub\",\"description\":\"Eine weitere Staging - Zukunft der Industrie Websites Website\",\"potentialAction\":[{\"@type\":\"SearchAction\",\"target\":{\"@type\":\"EntryPoint\",\"urlTemplate\":\"https:\\\/\\\/zukunft-der-industrie.de\\\/crm\\\/?s={search_term_string}\"},\"query-input\":{\"@type\":\"PropertyValueSpecification\",\"valueRequired\":true,\"valueName\":\"search_term_string\"}}],\"inLanguage\":\"de\"}]}<\/script>\n<!-- \/ Yoast SEO plugin. -->","yoast_head_json":{"title":"Sponsoren - CRM Themenhub","robots":{"index":"noindex","follow":"nofollow"},"og_locale":"de_DE","og_type":"article","og_title":"Sponsoren - CRM Themenhub","og_description":"Unternehmensprofil: Die itmX GmbH ist ein Tochterunternehmen des NTT Data Business Solutions Konzerns, das sich schon seit mehr als 20 Jahren auf durchg\u00e4ngige Prozesse in den Bereichen Marketing, Vertrieb und Service spezialisiert hat. Die innovativen L\u00f6sungen begeistern unsere Kunden u.a. aus den Branchen Fertigungsindustrie, Bauzulieferer und Handel. Neben der Software-Suite bietet itmX eine ganzheitliche Prozessberatung [&hellip;]","og_url":"https:\/\/zukunft-der-industrie.de\/crm\/sponsoren\/","og_site_name":"CRM Themenhub","article_modified_time":"2024-12-19T11:02:58+00:00","og_image":[{"width":2127,"height":828,"url":"https:\/\/zukunft-der-industrie.de\/crm\/wp-content\/uploads\/sites\/3\/2022\/01\/RZ_itmx_Logo.jpg","type":"image\/jpeg"}],"twitter_card":"summary_large_image","twitter_misc":{"Gesch\u00e4tzte Lesezeit":"2\u00a0Minuten"},"schema":{"@context":"https:\/\/schema.org","@graph":[{"@type":"WebPage","@id":"https:\/\/zukunft-der-industrie.de\/crm\/sponsoren\/","url":"https:\/\/zukunft-der-industrie.de\/crm\/sponsoren\/","name":"Sponsoren - CRM Themenhub","isPartOf":{"@id":"https:\/\/zukunft-der-industrie.de\/crm\/#website"},"primaryImageOfPage":{"@id":"https:\/\/zukunft-der-industrie.de\/crm\/sponsoren\/#primaryimage"},"image":{"@id":"https:\/\/zukunft-der-industrie.de\/crm\/sponsoren\/#primaryimage"},"thumbnailUrl":"https:\/\/zukunft-der-industrie.de\/crm\/wp-content\/uploads\/sites\/3\/2022\/01\/RZ_itmx_Logo-300x117.jpg","datePublished":"2020-01-23T10:05:41+00:00","dateModified":"2024-12-19T11:02:58+00:00","breadcrumb":{"@id":"https:\/\/zukunft-der-industrie.de\/crm\/sponsoren\/#breadcrumb"},"inLanguage":"de","potentialAction":[{"@type":"ReadAction","target":["https:\/\/zukunft-der-industrie.de\/crm\/sponsoren\/"]}]},{"@type":"ImageObject","inLanguage":"de","@id":"https:\/\/zukunft-der-industrie.de\/crm\/sponsoren\/#primaryimage","url":"https:\/\/zukunft-der-industrie.de\/crm\/wp-content\/uploads\/sites\/3\/2022\/01\/RZ_itmx_Logo.jpg","contentUrl":"https:\/\/zukunft-der-industrie.de\/crm\/wp-content\/uploads\/sites\/3\/2022\/01\/RZ_itmx_Logo.jpg","width":2127,"height":828},{"@type":"BreadcrumbList","@id":"https:\/\/zukunft-der-industrie.de\/crm\/sponsoren\/#breadcrumb","itemListElement":[{"@type":"ListItem","position":1,"name":"Startseite","item":"https:\/\/zukunft-der-industrie.de\/crm\/"},{"@type":"ListItem","position":2,"name":"Sponsoren"}]},{"@type":"WebSite","@id":"https:\/\/zukunft-der-industrie.de\/crm\/#website","url":"https:\/\/zukunft-der-industrie.de\/crm\/","name":"CRM Themenhub","description":"Eine weitere Staging - Zukunft der Industrie Websites Website","potentialAction":[{"@type":"SearchAction","target":{"@type":"EntryPoint","urlTemplate":"https:\/\/zukunft-der-industrie.de\/crm\/?s={search_term_string}"},"query-input":{"@type":"PropertyValueSpecification","valueRequired":true,"valueName":"search_term_string"}}],"inLanguage":"de"}]}},"_links":{"self":[{"href":"https:\/\/zukunft-der-industrie.de\/crm\/wp-json\/wp\/v2\/pages\/9327","targetHints":{"allow":["GET"]}}],"collection":[{"href":"https:\/\/zukunft-der-industrie.de\/crm\/wp-json\/wp\/v2\/pages"}],"about":[{"href":"https:\/\/zukunft-der-industrie.de\/crm\/wp-json\/wp\/v2\/types\/page"}],"author":[{"embeddable":true,"href":"https:\/\/zukunft-der-industrie.de\/crm\/wp-json\/wp\/v2\/users\/6"}],"replies":[{"embeddable":true,"href":"https:\/\/zukunft-der-industrie.de\/crm\/wp-json\/wp\/v2\/comments?post=9327"}],"version-history":[{"count":57,"href":"https:\/\/zukunft-der-industrie.de\/crm\/wp-json\/wp\/v2\/pages\/9327\/revisions"}],"predecessor-version":[{"id":10658,"href":"https:\/\/zukunft-der-industrie.de\/crm\/wp-json\/wp\/v2\/pages\/9327\/revisions\/10658"}],"wp:attachment":[{"href":"https:\/\/zukunft-der-industrie.de\/crm\/wp-json\/wp\/v2\/media?parent=9327"}],"curies":[{"name":"wp","href":"https:\/\/api.w.org\/{rel}","templated":true}]}}