{"id":9,"date":"2026-02-23T10:46:02","date_gmt":"2026-02-23T09:46:02","guid":{"rendered":"https:\/\/zukunft-der-industrie.de\/ki-bootcamp\/?page_id=9"},"modified":"2026-03-25T13:53:40","modified_gmt":"2026-03-25T12:53:40","slug":"start","status":"publish","type":"page","link":"https:\/\/zukunft-der-industrie.de\/ki-bootcamp\/","title":{"rendered":"Start"},"content":{"rendered":"\t\t<div data-elementor-type=\"wp-page\" data-elementor-id=\"9\" class=\"elementor elementor-9\" data-elementor-post-type=\"page\">\n\t\t\t\t<div class=\"elementor-element elementor-element-128dcea e-flex e-con-boxed e-con e-parent\" data-id=\"128dcea\" data-element_type=\"container\" data-e-type=\"container\" data-settings=\"{&quot;background_background&quot;:&quot;gradient&quot;}\">\n\t\t\t\t\t<div class=\"e-con-inner\">\n\t\t<div class=\"elementor-element elementor-element-dac467c e-con-full e-flex e-con e-child\" data-id=\"dac467c\" data-element_type=\"container\" data-e-type=\"container\">\n\t\t\t\t<div class=\"elementor-element elementor-element-45c46cd elementor-widget elementor-widget-heading\" data-id=\"45c46cd\" data-element_type=\"widget\" data-e-type=\"widget\" data-widget_type=\"heading.default\">\n\t\t\t\t\t<h1 class=\"elementor-heading-title elementor-size-default\"><span class=\"verlauf\"> KI Bootcamp <\/span><\/h1>\t\t\t\t<\/div>\n\t\t\t\t<\/div>\n\t\t<div class=\"elementor-element elementor-element-a268152 e-con-full e-flex e-con e-child\" data-id=\"a268152\" data-element_type=\"container\" data-e-type=\"container\">\n\t\t\t\t<div class=\"elementor-element elementor-element-a9c8cec elementor-widget elementor-widget-image\" data-id=\"a9c8cec\" data-element_type=\"widget\" data-e-type=\"widget\" data-widget_type=\"image.default\">\n\t\t\t\t\t\t\t\t\t\t\t\t\t\t\t<img fetchpriority=\"high\" decoding=\"async\" width=\"800\" height=\"618\" src=\"https:\/\/zukunft-der-industrie.de\/ki-bootcamp\/wp-content\/uploads\/sites\/12\/2026\/02\/Start-Illustration-1024x791.png\" class=\"attachment-large size-large wp-image-53\" alt=\"\" srcset=\"https:\/\/zukunft-der-industrie.de\/ki-bootcamp\/wp-content\/uploads\/sites\/12\/2026\/02\/Start-Illustration-1024x791.png 1024w, https:\/\/zukunft-der-industrie.de\/ki-bootcamp\/wp-content\/uploads\/sites\/12\/2026\/02\/Start-Illustration-300x232.png 300w, https:\/\/zukunft-der-industrie.de\/ki-bootcamp\/wp-content\/uploads\/sites\/12\/2026\/02\/Start-Illustration-768x593.png 768w, https:\/\/zukunft-der-industrie.de\/ki-bootcamp\/wp-content\/uploads\/sites\/12\/2026\/02\/Start-Illustration.png 1200w\" sizes=\"(max-width: 800px) 100vw, 800px\" \/>\t\t\t\t\t\t\t\t\t\t\t\t\t\t\t<\/div>\n\t\t\t\t<\/div>\n\t\t\t\t\t<\/div>\n\t\t\t\t<\/div>\n\t\t<div class=\"elementor-element elementor-element-b4c56bb e-flex e-con-boxed e-con e-parent\" data-id=\"b4c56bb\" data-element_type=\"container\" data-e-type=\"container\">\n\t\t\t\t\t<div class=\"e-con-inner\">\n\t\t\t\t<div class=\"elementor-element elementor-element-b364eb7 elementor-widget elementor-widget-text-editor\" data-id=\"b364eb7\" data-element_type=\"widget\" data-e-type=\"widget\" data-widget_type=\"text-editor.default\">\n\t\t\t\t\t\t\t\t\t<p>10. M\u00e4rz 2026 | 11:00 &#8211; 12:00 Uhr<\/p>\t\t\t\t\t\t\t\t<\/div>\n\t\t\t\t<div class=\"elementor-element elementor-element-959e010 verlauf elementor-widget elementor-widget-heading\" data-id=\"959e010\" data-element_type=\"widget\" data-e-type=\"widget\" data-widget_type=\"heading.default\">\n\t\t\t\t\t<h2 class=\"elementor-heading-title elementor-size-default\">Prompting: Von den Grundlagen zur praktischen Anwendung<\/h2>\t\t\t\t<\/div>\n\t\t\t\t<div class=\"elementor-element elementor-element-e590220 elementor-widget elementor-widget-text-editor\" data-id=\"e590220\" data-element_type=\"widget\" data-e-type=\"widget\" data-widget_type=\"text-editor.default\">\n\t\t\t\t\t\t\t\t\t<p>In diesem Webinar steht im Mittelpunkt, wie sich generative KI durch gezieltes Prompting effektiv steuern l\u00e4sst. Die Qualit\u00e4t von KI-Ergebnissen h\u00e4ngt entscheidend von der Gestaltung der Prompts ab, denn sie bestimmen, wie klar, strukturiert und zielgerichtet ein Modell arbeiten kann. Das Webinar erl\u00e4utert, warum Prompts eine zentrale Rolle in modernen KI-Anwendungen einnehmen, wie sie den Zugang erleichtern und welche Prinzipien zu besonders hochwertigen Resultaten f\u00fchren. Ein praxisnahe Use Cases zeigen Schritt f\u00fcr Schritt, wie unstrukturierte Informationen mithilfe von KI geordnet, analysiert, verdichtet und in konkrete Handlungsempfehlungen \u00fcberf\u00fchrt werden. Erg\u00e4nzend dazu werden zentrale Prompt-Techniken wie Few-Shot Prompting, Role Promptingoder Chain-of-Thought vorgestellt und deren Einsatz im beruflichen Kontext veranschaulicht. Abschlie\u00dfend folgt ein Ausblick darauf, wie sich einzelne Prompts zu vollst\u00e4ndigen KI-gest\u00fctzten Arbeitsabl\u00e4ufen verbinden lassen und so die Grundlage f\u00fcr den Aufbau leistungsf\u00e4higer KI-Agenten entstehen kann. Das Webinar richtet sich an alle, die KI gezielt, effizient und professionell nutzen m\u00f6chten.<\/p>\t\t\t\t\t\t\t\t<\/div>\n\t\t\t\t<div class=\"elementor-element elementor-element-52c3298 elementor-widget elementor-widget-text-editor\" data-id=\"52c3298\" data-element_type=\"widget\" data-e-type=\"widget\" data-widget_type=\"text-editor.default\">\n\t\t\t\t\t\t\t\t\t<p><strong>Das Webinar hat bereits stattgefunden. Eine Anmeldung ist daher leider nicht mehr m\u00f6glich.<\/strong><\/p>\t\t\t\t\t\t\t\t<\/div>\n\t\t\t\t\t<\/div>\n\t\t\t\t<\/div>\n\t\t<div class=\"elementor-element elementor-element-5904161 e-flex e-con-boxed e-con e-parent\" data-id=\"5904161\" data-element_type=\"container\" data-e-type=\"container\">\n\t\t\t\t\t<div class=\"e-con-inner\">\n\t\t\t\t<div class=\"elementor-element elementor-element-c51012e elementor-widget elementor-widget-text-editor\" data-id=\"c51012e\" data-element_type=\"widget\" data-e-type=\"widget\" data-widget_type=\"text-editor.default\">\n\t\t\t\t\t\t\t\t\t<p>Webinaraufzeichnung | 5. M\u00e4rz 2026 | 11:00 &#8211; 12:00 Uhr<\/p>\t\t\t\t\t\t\t\t<\/div>\n\t\t\t\t<div class=\"elementor-element elementor-element-dc2d584 elementor-widget elementor-widget-heading\" data-id=\"dc2d584\" data-element_type=\"widget\" data-e-type=\"widget\" data-widget_type=\"heading.default\">\n\t\t\t\t\t<h2 class=\"elementor-heading-title elementor-size-default\"><span class=\"verlauf\">From Hype to Horizon: Aktuelle KI-Trends f\u00fcr strategische Entscheidungen<\/strong><\/h2>\t\t\t\t<\/div>\n\t\t\t\t<div class=\"elementor-element elementor-element-af876fa elementor-widget elementor-widget-text-editor\" data-id=\"af876fa\" data-element_type=\"widget\" data-e-type=\"widget\" data-widget_type=\"text-editor.default\">\n\t\t\t\t\t\t\t\t\t<p>K\u00fcnstliche Intelligenz entwickelt sich rasant \u2013doch welche Trends sind tats\u00e4chlich relevant f\u00fcr strategische Entscheidungen, und welche bleiben nur kurzfristiger Hype? Dieses Webinar bietet einen strukturierten und praxisorientierten \u00dcberblick \u00fcber zentrale KI-Trends: von Fortschritten in modernen Modelltypen wie multimodalen und zustandsorientierten World-Models \u00fcber die wachsende Bedeutung souver\u00e4ner On-Prem-L\u00f6sungen bis hin zu KI-Agenten, die zunehmend eigenst\u00e4ndig wahrnehmen, entscheiden und handeln k\u00f6nnen. Teilnehmende erhalten eine klare Einordnung aktueller technologischer Verschiebungen, der Grenzen heutiger KI-Tools sowie der Anforderungen, die sich daraus f\u00fcr Architektur, Datenqualit\u00e4t und Governance ergeben. Zudem wird gezeigt, wie KI in industriellen Kontexten echten Mehrwert schaffen kann und welche strategischen Trends bis 2030 im Blick behalten werden sollten. Das Webinar richtet sich an alle, die Orientierung im komplexen KI-\u00d6kosystem suchen und Zukunftsthemen gezielt f\u00fcr ihre Organisation bewerten m\u00f6chten.<\/p>\t\t\t\t\t\t\t\t<\/div>\n\t\t\t\t<div class=\"elementor-element elementor-element-7421a1c elementor-widget elementor-widget-text-editor\" data-id=\"7421a1c\" data-element_type=\"widget\" data-e-type=\"widget\" data-widget_type=\"text-editor.default\">\n\t\t\t\t\t\t\t\t\t<p><strong>Das Webinar hat bereits stattgefunden. Eine Anmeldung ist daher leider nicht mehr m\u00f6glich.<\/strong><\/p>\t\t\t\t\t\t\t\t<\/div>\n\t\t\t\t\t<\/div>\n\t\t\t\t<\/div>\n\t\t\t\t<\/div>\n\t\t","protected":false},"excerpt":{"rendered":"<p>KI Bootcamp 10. M\u00e4rz 2026 | 11:00 &#8211; 12:00 Uhr Prompting: Von den Grundlagen zur praktischen Anwendung In diesem Webinar steht im Mittelpunkt, wie sich generative KI durch gezieltes Prompting effektiv steuern l\u00e4sst. Die Qualit\u00e4t von KI-Ergebnissen h\u00e4ngt entscheidend von der Gestaltung der Prompts ab, denn sie bestimmen, wie klar, strukturiert und zielgerichtet ein Modell [&hellip;]<\/p>\n","protected":false},"author":8,"featured_media":285,"parent":0,"menu_order":0,"comment_status":"closed","ping_status":"closed","template":"","meta":{"inline_featured_image":false,"footnotes":""},"class_list":["post-9","page","type-page","status-publish","has-post-thumbnail","hentry"],"yoast_head":"<!-- This site is optimized with the Yoast SEO plugin v27.3 - https:\/\/yoast.com\/product\/yoast-seo-wordpress\/ -->\n<title>Start - KI-Bootcamp<\/title>\n<meta name=\"robots\" content=\"index, follow, max-snippet:-1, max-image-preview:large, max-video-preview:-1\" \/>\n<link rel=\"canonical\" href=\"https:\/\/zukunft-der-industrie.de\/ki-bootcamp\/\" \/>\n<meta property=\"og:locale\" content=\"de_DE\" \/>\n<meta property=\"og:type\" content=\"article\" \/>\n<meta property=\"og:title\" content=\"Start - KI-Bootcamp\" \/>\n<meta property=\"og:description\" content=\"KI Bootcamp 10. M\u00e4rz 2026 | 11:00 &#8211; 12:00 Uhr Prompting: Von den Grundlagen zur praktischen Anwendung In diesem Webinar steht im Mittelpunkt, wie sich generative KI durch gezieltes Prompting effektiv steuern l\u00e4sst. Die Qualit\u00e4t von KI-Ergebnissen h\u00e4ngt entscheidend von der Gestaltung der Prompts ab, denn sie bestimmen, wie klar, strukturiert und zielgerichtet ein Modell [&hellip;]\" \/>\n<meta property=\"og:url\" content=\"https:\/\/zukunft-der-industrie.de\/ki-bootcamp\/\" \/>\n<meta property=\"og:site_name\" content=\"KI-Bootcamp\" \/>\n<meta property=\"article:modified_time\" content=\"2026-03-25T12:53:40+00:00\" \/>\n<meta property=\"og:image\" content=\"https:\/\/zukunft-der-industrie.de\/ki-bootcamp\/wp-content\/uploads\/sites\/12\/2026\/02\/Featured_Image_Start.jpg\" \/>\n\t<meta property=\"og:image:width\" content=\"1200\" \/>\n\t<meta property=\"og:image:height\" content=\"627\" \/>\n\t<meta property=\"og:image:type\" content=\"image\/jpeg\" \/>\n<meta name=\"twitter:card\" content=\"summary_large_image\" \/>\n<meta name=\"twitter:label1\" content=\"Gesch\u00e4tzte Lesezeit\" \/>\n\t<meta name=\"twitter:data1\" content=\"2\u00a0Minuten\" \/>\n<script type=\"application\/ld+json\" class=\"yoast-schema-graph\">{\"@context\":\"https:\\\/\\\/schema.org\",\"@graph\":[{\"@type\":\"WebPage\",\"@id\":\"https:\\\/\\\/zukunft-der-industrie.de\\\/ki-bootcamp\\\/\",\"url\":\"https:\\\/\\\/zukunft-der-industrie.de\\\/ki-bootcamp\\\/\",\"name\":\"Start - KI-Bootcamp\",\"isPartOf\":{\"@id\":\"https:\\\/\\\/zukunft-der-industrie.de\\\/ki-bootcamp\\\/#website\"},\"primaryImageOfPage\":{\"@id\":\"https:\\\/\\\/zukunft-der-industrie.de\\\/ki-bootcamp\\\/#primaryimage\"},\"image\":{\"@id\":\"https:\\\/\\\/zukunft-der-industrie.de\\\/ki-bootcamp\\\/#primaryimage\"},\"thumbnailUrl\":\"https:\\\/\\\/zukunft-der-industrie.de\\\/ki-bootcamp\\\/wp-content\\\/uploads\\\/sites\\\/12\\\/2026\\\/02\\\/Featured_Image_Start.jpg\",\"datePublished\":\"2026-02-23T09:46:02+00:00\",\"dateModified\":\"2026-03-25T12:53:40+00:00\",\"breadcrumb\":{\"@id\":\"https:\\\/\\\/zukunft-der-industrie.de\\\/ki-bootcamp\\\/#breadcrumb\"},\"inLanguage\":\"de\",\"potentialAction\":[{\"@type\":\"ReadAction\",\"target\":[\"https:\\\/\\\/zukunft-der-industrie.de\\\/ki-bootcamp\\\/\"]}]},{\"@type\":\"ImageObject\",\"inLanguage\":\"de\",\"@id\":\"https:\\\/\\\/zukunft-der-industrie.de\\\/ki-bootcamp\\\/#primaryimage\",\"url\":\"https:\\\/\\\/zukunft-der-industrie.de\\\/ki-bootcamp\\\/wp-content\\\/uploads\\\/sites\\\/12\\\/2026\\\/02\\\/Featured_Image_Start.jpg\",\"contentUrl\":\"https:\\\/\\\/zukunft-der-industrie.de\\\/ki-bootcamp\\\/wp-content\\\/uploads\\\/sites\\\/12\\\/2026\\\/02\\\/Featured_Image_Start.jpg\",\"width\":1200,\"height\":627},{\"@type\":\"BreadcrumbList\",\"@id\":\"https:\\\/\\\/zukunft-der-industrie.de\\\/ki-bootcamp\\\/#breadcrumb\",\"itemListElement\":[{\"@type\":\"ListItem\",\"position\":1,\"name\":\"Start\",\"item\":\"https:\\\/\\\/zukunft-der-industrie.de\\\/ki-bootcamp\\\/\"},{\"@type\":\"ListItem\",\"position\":2,\"name\":\"Start\"}]},{\"@type\":\"WebSite\",\"@id\":\"https:\\\/\\\/zukunft-der-industrie.de\\\/ki-bootcamp\\\/#website\",\"url\":\"https:\\\/\\\/zukunft-der-industrie.de\\\/ki-bootcamp\\\/\",\"name\":\"KI-Bootcamp\",\"description\":\"\",\"potentialAction\":[{\"@type\":\"SearchAction\",\"target\":{\"@type\":\"EntryPoint\",\"urlTemplate\":\"https:\\\/\\\/zukunft-der-industrie.de\\\/ki-bootcamp\\\/?s={search_term_string}\"},\"query-input\":{\"@type\":\"PropertyValueSpecification\",\"valueRequired\":true,\"valueName\":\"search_term_string\"}}],\"inLanguage\":\"de\"}]}<\/script>\n<!-- \/ Yoast SEO plugin. -->","yoast_head_json":{"title":"Start - KI-Bootcamp","robots":{"index":"index","follow":"follow","max-snippet":"max-snippet:-1","max-image-preview":"max-image-preview:large","max-video-preview":"max-video-preview:-1"},"canonical":"https:\/\/zukunft-der-industrie.de\/ki-bootcamp\/","og_locale":"de_DE","og_type":"article","og_title":"Start - KI-Bootcamp","og_description":"KI Bootcamp 10. M\u00e4rz 2026 | 11:00 &#8211; 12:00 Uhr Prompting: Von den Grundlagen zur praktischen Anwendung In diesem Webinar steht im Mittelpunkt, wie sich generative KI durch gezieltes Prompting effektiv steuern l\u00e4sst. Die Qualit\u00e4t von KI-Ergebnissen h\u00e4ngt entscheidend von der Gestaltung der Prompts ab, denn sie bestimmen, wie klar, strukturiert und zielgerichtet ein Modell [&hellip;]","og_url":"https:\/\/zukunft-der-industrie.de\/ki-bootcamp\/","og_site_name":"KI-Bootcamp","article_modified_time":"2026-03-25T12:53:40+00:00","og_image":[{"width":1200,"height":627,"url":"https:\/\/zukunft-der-industrie.de\/ki-bootcamp\/wp-content\/uploads\/sites\/12\/2026\/02\/Featured_Image_Start.jpg","type":"image\/jpeg"}],"twitter_card":"summary_large_image","twitter_misc":{"Gesch\u00e4tzte Lesezeit":"2\u00a0Minuten"},"schema":{"@context":"https:\/\/schema.org","@graph":[{"@type":"WebPage","@id":"https:\/\/zukunft-der-industrie.de\/ki-bootcamp\/","url":"https:\/\/zukunft-der-industrie.de\/ki-bootcamp\/","name":"Start - KI-Bootcamp","isPartOf":{"@id":"https:\/\/zukunft-der-industrie.de\/ki-bootcamp\/#website"},"primaryImageOfPage":{"@id":"https:\/\/zukunft-der-industrie.de\/ki-bootcamp\/#primaryimage"},"image":{"@id":"https:\/\/zukunft-der-industrie.de\/ki-bootcamp\/#primaryimage"},"thumbnailUrl":"https:\/\/zukunft-der-industrie.de\/ki-bootcamp\/wp-content\/uploads\/sites\/12\/2026\/02\/Featured_Image_Start.jpg","datePublished":"2026-02-23T09:46:02+00:00","dateModified":"2026-03-25T12:53:40+00:00","breadcrumb":{"@id":"https:\/\/zukunft-der-industrie.de\/ki-bootcamp\/#breadcrumb"},"inLanguage":"de","potentialAction":[{"@type":"ReadAction","target":["https:\/\/zukunft-der-industrie.de\/ki-bootcamp\/"]}]},{"@type":"ImageObject","inLanguage":"de","@id":"https:\/\/zukunft-der-industrie.de\/ki-bootcamp\/#primaryimage","url":"https:\/\/zukunft-der-industrie.de\/ki-bootcamp\/wp-content\/uploads\/sites\/12\/2026\/02\/Featured_Image_Start.jpg","contentUrl":"https:\/\/zukunft-der-industrie.de\/ki-bootcamp\/wp-content\/uploads\/sites\/12\/2026\/02\/Featured_Image_Start.jpg","width":1200,"height":627},{"@type":"BreadcrumbList","@id":"https:\/\/zukunft-der-industrie.de\/ki-bootcamp\/#breadcrumb","itemListElement":[{"@type":"ListItem","position":1,"name":"Start","item":"https:\/\/zukunft-der-industrie.de\/ki-bootcamp\/"},{"@type":"ListItem","position":2,"name":"Start"}]},{"@type":"WebSite","@id":"https:\/\/zukunft-der-industrie.de\/ki-bootcamp\/#website","url":"https:\/\/zukunft-der-industrie.de\/ki-bootcamp\/","name":"KI-Bootcamp","description":"","potentialAction":[{"@type":"SearchAction","target":{"@type":"EntryPoint","urlTemplate":"https:\/\/zukunft-der-industrie.de\/ki-bootcamp\/?s={search_term_string}"},"query-input":{"@type":"PropertyValueSpecification","valueRequired":true,"valueName":"search_term_string"}}],"inLanguage":"de"}]}},"_links":{"self":[{"href":"https:\/\/zukunft-der-industrie.de\/ki-bootcamp\/wp-json\/wp\/v2\/pages\/9","targetHints":{"allow":["GET"]}}],"collection":[{"href":"https:\/\/zukunft-der-industrie.de\/ki-bootcamp\/wp-json\/wp\/v2\/pages"}],"about":[{"href":"https:\/\/zukunft-der-industrie.de\/ki-bootcamp\/wp-json\/wp\/v2\/types\/page"}],"author":[{"embeddable":true,"href":"https:\/\/zukunft-der-industrie.de\/ki-bootcamp\/wp-json\/wp\/v2\/users\/8"}],"replies":[{"embeddable":true,"href":"https:\/\/zukunft-der-industrie.de\/ki-bootcamp\/wp-json\/wp\/v2\/comments?post=9"}],"version-history":[{"count":40,"href":"https:\/\/zukunft-der-industrie.de\/ki-bootcamp\/wp-json\/wp\/v2\/pages\/9\/revisions"}],"predecessor-version":[{"id":386,"href":"https:\/\/zukunft-der-industrie.de\/ki-bootcamp\/wp-json\/wp\/v2\/pages\/9\/revisions\/386"}],"wp:featuredmedia":[{"embeddable":true,"href":"https:\/\/zukunft-der-industrie.de\/ki-bootcamp\/wp-json\/wp\/v2\/media\/285"}],"wp:attachment":[{"href":"https:\/\/zukunft-der-industrie.de\/ki-bootcamp\/wp-json\/wp\/v2\/media?parent=9"}],"curies":[{"name":"wp","href":"https:\/\/api.w.org\/{rel}","templated":true}]}}